{"id":3939,"date":"2018-12-20T15:13:06","date_gmt":"2018-12-20T20:13:06","guid":{"rendered":"http:\/\/www.unicordoba.edu.co\/?page_id=3939"},"modified":"2018-12-20T15:13:06","modified_gmt":"2018-12-20T20:13:06","slug":"politica-de-privacidad","status":"publish","type":"page","link":"https:\/\/unicordoba.edu.co\/politica-de-privacidad\/","title":{"rendered":"Pol\u00edtica de privacidad"},"content":{"rendered":"<p><div class=\"fusion-fullwidth fullwidth-box fusion-builder-row-1 fusion-flex-container nonhundred-percent-fullwidth non-hundred-percent-height-scrolling\" style=\"--awb-border-radius-top-left:0px;--awb-border-radius-top-right:0px;--awb-border-radius-bottom-right:0px;--awb-border-radius-bottom-left:0px;--awb-flex-wrap:wrap;\" ><div class=\"fusion-builder-row fusion-row fusion-flex-align-items-flex-start fusion-flex-content-wrap\" style=\"max-width:1331.2px;margin-left: calc(-4% \/ 2 );margin-right: calc(-4% \/ 2 );\"><div class=\"fusion-layout-column fusion_builder_column fusion-builder-column-0 fusion_builder_column_1_1 1_1 fusion-flex-column\" style=\"--awb-bg-size:cover;--awb-width-large:100%;--awb-margin-top-large:0px;--awb-spacing-right-large:1.92%;--awb-margin-bottom-large:20px;--awb-spacing-left-large:1.92%;--awb-width-medium:100%;--awb-order-medium:0;--awb-spacing-right-medium:1.92%;--awb-spacing-left-medium:1.92%;--awb-width-small:100%;--awb-order-small:0;--awb-spacing-right-small:1.92%;--awb-spacing-left-small:1.92%;\"><div class=\"fusion-column-wrapper fusion-column-has-shadow fusion-flex-justify-content-flex-start fusion-content-layout-column\"><\/div><\/div><\/div><\/div><div class=\"fusion-fullwidth fullwidth-box fusion-builder-row-2 fusion-flex-container nonhundred-percent-fullwidth non-hundred-percent-height-scrolling\" style=\"--awb-border-radius-top-left:0px;--awb-border-radius-top-right:0px;--awb-border-radius-bottom-right:0px;--awb-border-radius-bottom-left:0px;--awb-flex-wrap:wrap;\" ><div class=\"fusion-builder-row fusion-row fusion-flex-align-items-flex-start fusion-flex-content-wrap\" style=\"max-width:1331.2px;margin-left: calc(-4% \/ 2 );margin-right: calc(-4% \/ 2 );\"><div class=\"fusion-layout-column fusion_builder_column fusion-builder-column-1 fusion_builder_column_1_1 1_1 fusion-flex-column\" style=\"--awb-bg-size:cover;--awb-width-large:100%;--awb-margin-top-large:0px;--awb-spacing-right-large:1.92%;--awb-margin-bottom-large:20px;--awb-spacing-left-large:1.92%;--awb-width-medium:100%;--awb-order-medium:0;--awb-spacing-right-medium:1.92%;--awb-spacing-left-medium:1.92%;--awb-width-small:100%;--awb-order-small:0;--awb-spacing-right-small:1.92%;--awb-spacing-left-small:1.92%;\"><div class=\"fusion-column-wrapper fusion-column-has-shadow fusion-flex-justify-content-flex-start fusion-content-layout-column\"><\/div><\/div><\/div><\/div><div class=\"fusion-fullwidth fullwidth-box fusion-builder-row-3 fusion-flex-container nonhundred-percent-fullwidth non-hundred-percent-height-scrolling\" style=\"--awb-border-radius-top-left:0px;--awb-border-radius-top-right:0px;--awb-border-radius-bottom-right:0px;--awb-border-radius-bottom-left:0px;--awb-flex-wrap:wrap;\" ><div class=\"fusion-builder-row fusion-row fusion-flex-align-items-flex-start fusion-flex-content-wrap\" style=\"max-width:calc( 1280px + 0px );margin-left: calc(-0px \/ 2 );margin-right: calc(-0px \/ 2 );\"><div class=\"fusion-layout-column fusion_builder_column fusion-builder-column-2 fusion_builder_column_1_1 1_1 fusion-flex-column\" style=\"--awb-bg-size:cover;--awb-width-large:100%;--awb-margin-top-large:0px;--awb-spacing-right-large:0px;--awb-margin-bottom-large:20px;--awb-spacing-left-large:0px;--awb-width-medium:100%;--awb-spacing-right-medium:0px;--awb-spacing-left-medium:0px;--awb-width-small:100%;--awb-spacing-right-small:0px;--awb-spacing-left-small:0px;\"><div class=\"fusion-column-wrapper fusion-flex-justify-content-flex-start fusion-content-layout-column\"><div class=\"fusion-text fusion-text-1\"><h4><b>POL\u00cdTICA<\/b><strong>\u00a0DE\u00a0<\/strong><b>PRIVACIDAD<\/b><\/h4>\n<\/div><div class=\"fusion-text fusion-text-2\"><p style=\"text-align: justify\">El presente contenido sobre la pol\u00edtica bajo la cual la Universidad de C\u00f3rdoba, entidad p\u00fablica y aut\u00f3noma, creada conforme a las leyes colombianas, procurar\u00e1 la debida protecci\u00f3n de los derechos de los usuarios de su sitio web, en materia de privacidad y uso de los datos suministrados por los mismos usuarios. Esta pol\u00edtica hace parte integral del documento de condiciones de uso del sitio web, las cuales se encuentran publicadas en el sitio\u00a0<a href=\"http:\/\/www.unicordoba.edu.co\/\">www.unicordoba.edu.co<\/a>.<\/p>\n<p style=\"text-align: justify\">Le solicitamos al visitante y usuario de este sitio web, que lean previa, detallada y cuidadosamente esta pol\u00edtica de privacidad y las condiciones de uso del sitio web antes de iniciar su exploraci\u00f3n, o utilizaci\u00f3n. Si el visitante o usuario, no est\u00e1 de acuerdo con alguna disposici\u00f3n de esta pol\u00edtica o con cualquiera de las condiciones de uso del sitio web de la Universidad por favor abst\u00e9ngase de utilizarlo.<\/p>\n<\/div><div class=\"fusion-text fusion-text-3\"><h4>ACEPTACI\u00d3N DE T\u00c9RMINOS Y CONDICIONES<\/h4>\n<\/div><div class=\"fusion-text fusion-text-4\"><p style=\"text-align: justify\"><strong>I. Aspectos generales<\/strong><\/p>\n<p style=\"text-align: justify\">Los siguientes son los aspectos generales que orientan la pol\u00edtica de privacidad del sitio web de la Universidad:<\/p>\n<ul style=\"text-align: justify\">\n<li>Este sitio web, su informaci\u00f3n, contenidos y servicios incorporados en el mismo son de conocimiento p\u00fablico, por lo tanto la aceptaci\u00f3n integral de esta pol\u00edtica de privacidad, es condici\u00f3n obligatoria e indispensable para que el usuario los utilice.<\/li>\n<li>La aceptaci\u00f3n de la presente pol\u00edtica de privacidad por el usuario de este sitio web tendr\u00e1 lugar cuando se presente cualquiera de los siguientes eventos: i) Suministro de datos en los formularios de registro del sitio web. ii) El empleo de los mecanismos de aceptaci\u00f3n, seguridad y acceso al sitio web que establezca la Universidad. iii) La consulta de cualquier contenido incorporado en el sitio web. iv) La utilizaci\u00f3n de cualquiera de los servicios disponibles en el sitio web.<\/li>\n<li>El usuario del sitio web acepta conocer, acatar y cumplir todas las leyes, normas y usos nacionales e internacionales relacionadas con sus obligaciones y deberes bajo la presente pol\u00edtica de privacidad.<\/li>\n<li>La Universidad est\u00e1 autorizada en cualquier momento para revisar, modificar o adicionar cualquiera de las disposiciones de esta pol\u00edtica de privacidad, con el fin de cumplir con cualquier exigencia legal.<\/li>\n<\/ul>\n<hr \/>\n<div class=\"fusion-separator fusion-full-width-sep\" style=\"align-self: center;margin-left: auto;margin-right: auto;width:100%;\"><div class=\"fusion-separator-border sep-single sep-solid\" style=\"--awb-height:20px;--awb-amount:20px;--awb-sep-color:#ffffff;border-color:#ffffff;border-top-width:15px;\"><\/div><\/div>\n<p style=\"text-align: justify\"><strong>II. Informaci\u00f3n de registro<\/strong><\/p>\n<p style=\"text-align: justify\"><strong>A. recaudo, acceso y uso de la informaci\u00f3n<\/strong><br \/>\nLos siguientes son los lineamientos de nuestra pol\u00edtica de privacidad en cuanto al recaudo, acceso y uso de la informaci\u00f3n de registro que suministra el usuario a trav\u00e9s del sitio web de la Universidad:<\/p>\n<ul style=\"text-align: justify\">\n<li>Los datos o informaci\u00f3n personal o general que la Universidad recauda a los usuarios de su sitio web, se utilizar\u00e1n exclusivamente para cumplir con los prop\u00f3sitos de su sitio web y su uso es el establecido en la presente pol\u00edtica de privacidad.<\/li>\n<li>El usuario del sitio web, por la aceptaci\u00f3n de esta pol\u00edtica de privacidad, cede expresamente los datos personales y generales suministrados a la Universidad, a trav\u00e9s de este sitio web y lo autoriza para realizar su tratamiento automatizado y para usarlos conforme a lo expresado en la presente pol\u00edtica de privacidad.<\/li>\n<li>La informaci\u00f3n de registro que se le solicita al usuario es la m\u00ednima para dar cumplimiento a las normas legales vigentes en Colombia y a los usos internacionales sobre privacidad y protecci\u00f3n de datos en Internet, tales como la OECD Privacy Guidelines (www.oecd.org).<\/li>\n<li>En el proceso de registro, se le advertir\u00e1 al usuario con un asterisco (*) qu\u00e9 informaci\u00f3n debe ser suministrada obligatoriamente y cu\u00e1l es opcional.<\/li>\n<li>El usuario de este sitio web autoriza expresamente a la Universidad a tratar de forma automatizada la informaci\u00f3n que se le solicita con el fin de procurarle un servicio eficiente y personalizado. El usuario, con este mismo fin, autoriza expresamente a la Universidad a divulgar, ceder o transferir sus datos personales y la informaci\u00f3n que suministre en este sitio web, a otras entidades, organizaciones, unidades acad\u00e9micas, dependencias, facultades o seccionales vinculadas o asociadas con la Universidad de C\u00f3rdoba.<\/li>\n<li>La informaci\u00f3n de registro, en ning\u00fan caso o circunstancia, se compartir\u00e1 con terceros, excepto con otras entidades, organizaciones, unidades acad\u00e9micas, dependencias, facultades o seccionales vinculadas o asociadas con la Universidad\u00a0 de C\u00f3rdoba.<\/li>\n<li>La informaci\u00f3n de registro que se le solicite al usuario, se podr\u00e1 compartir con otros sitios web de la Universidad de C\u00f3rdoba o de entidades u organizaciones vinculadas o asociadas con la Universidad, siempre que su utilizaci\u00f3n se realice para mejorar la prestaci\u00f3n de los servicios dirigidos al usuario.<\/li>\n<li>La Universidad tambi\u00e9n podr\u00e1 en cualquier tiempo, hacer encuestas a los usuarios para evaluar internamente el tr\u00e1fico del sitio web y la calidad de los servicios en l\u00ednea que ofrece la Universidad.<\/li>\n<li>La Universidad no le remitir\u00e1 al e-mail o direcci\u00f3n electr\u00f3nica del usuario informaci\u00f3n que no haya solicitado, excepto informaci\u00f3n o noticias que se relacionen con los servicios de la Universidad.<\/li>\n<\/ul>\n<div class=\"fusion-separator fusion-full-width-sep\" style=\"align-self: center;margin-left: auto;margin-right: auto;width:100%;\"><div class=\"fusion-separator-border sep-single sep-solid\" style=\"--awb-height:20px;--awb-amount:20px;--awb-sep-color:#ffffff;border-color:#ffffff;border-top-width:15px;\"><\/div><\/div>\n<p style=\"text-align: justify\"><strong>B. Divulgaci\u00f3n de la informaci\u00f3n de registro<\/strong><br \/>\nLa informaci\u00f3n de registro de cada usuario es privada y no se comparte con otras personas o empresas, excepto cuando la Universidad actuando razonablemente, considera que se presenta una de las siguientes circunstancias:<\/p>\n<ul style=\"text-align: justify\">\n<li>Existencia de un deber o mandato legal que obliga a suministrarla.<\/li>\n<li>Proteger y defender los derechos e intereses de la Universidad de C\u00f3rdoba.<\/li>\n<li>Exigir la observancia de las condiciones de uso de cualquier informaci\u00f3n, contenido o servicio disponible en el sitio web de la Universidad.<\/li>\n<li>Proteger y defender los derechos e intereses de los usuarios del sitio web y de terceros.<\/li>\n<li>Cualquier otra excepci\u00f3n definida en la ley aplicable a esta pol\u00edtica de privacidad.<\/li>\n<li>Obligaciones y deberes del usuario<\/li>\n<li>Los siguientes son las obligaciones, deberes, pr\u00e1cticas m\u00ednimas y advertencias que deben orientar la conducta del usuario en sujeci\u00f3n a la presente pol\u00edtica de privacidad:<\/li>\n<li>El usuario est\u00e1 de acuerdo en proporcionar a la Universidad informaci\u00f3n verdadera, precisa, actualizada y completa acerca de su persona, seg\u00fan se indique en el formulario de registro. Adicionalmente, el usuario est\u00e1 de acuerdo en colaborar con la Universidad, para mantener esta informaci\u00f3n actualizada y completa.<\/li>\n<li>La Universidad se reserva el derecho a retirar sin previa notificaci\u00f3n al usuario, cualquier informaci\u00f3n que se divulgue en el sitio web y que considere nociva o perjudicial para sus intereses o los intereses de terceros. Sin embargo, la Universidad no est\u00e1 obligada a retirar informaci\u00f3n que cualquier usuario considere ofensiva o lesiva o a supervisar las conversaciones o di\u00e1logos de los usuarios o visitantes del sitio web en foros o chats.<\/li>\n<li>Cuando el usuario suministre cualquier informaci\u00f3n a la Universidad, el mismo usuario deber\u00e1 tomar medidas de precauci\u00f3n tendientes a evitar la p\u00e9rdida o el uso inadecuado de dicha informaci\u00f3n. En caso de no tomar tales medidas, la Universidad no se har\u00e1 responsable por el uso que terceros puedan hacer de informaci\u00f3n indebidamente asegurada y protegida por el usuario.<\/li>\n<li>La Universidad no es responsable con respecto a la privacidad de la informaci\u00f3n personal que el usuario divulgue o remita en foros, sesiones de chat del sitio web de la Universidad, en correos electr\u00f3nicos o en cualquier otro sitio web. El usuario es exclusivo responsable de la privacidad y custodia de cualquier dato personal que entregue a una persona o empresa diferente a la Universidad.<\/li>\n<li>El usuario no recaudar\u00e1 y divulgar\u00e1, los datos personales o informaci\u00f3n de los dem\u00e1s usuarios del sitio web de la Universidad y que se divulgue trav\u00e9s del mismo o que repose en los sistemas de informaci\u00f3n de la Universidad.<\/li>\n<li>El usuario no publicar\u00e1 en otros sitios web o trav\u00e9s de cualquier medio, los datos personales o informaci\u00f3n de los dem\u00e1s usuarios del sitio web de la Universidad y que se divulgue trav\u00e9s del mismo o que repose en los sistemas de informaci\u00f3n de la Universidad.<\/li>\n<li>El suministro de informaci\u00f3n falsa o la omisi\u00f3n de cualquier obligaci\u00f3n o deber del usuario establecido en la presente pol\u00edtica de privacidad, otorga el derecho a la Universidad a terminar autom\u00e1ticamente, sin previo aviso y de forma definitiva, la provisi\u00f3n de servicios al usuario.<\/li>\n<\/ul>\n<hr \/>\n<div class=\"fusion-separator fusion-full-width-sep\" style=\"align-self: center;margin-left: auto;margin-right: auto;width:100%;\"><div class=\"fusion-separator-border sep-single sep-solid\" style=\"--awb-height:20px;--awb-amount:20px;--awb-sep-color:#ffffff;border-color:#ffffff;border-top-width:15px;\"><\/div><\/div>\n<p style=\"text-align: justify\"><strong>III. Incorporaci\u00f3n por remisi\u00f3n<\/strong><\/p>\n<p style=\"text-align: justify\">Se advierte al visitante y usuario del sitio web de la Universidad, que conforme al art\u00edculo 44 de la Ley 527 de 1999, la presente pol\u00edtica de privacidad hace parte integral de las condiciones de uso de este sitio web y se incorpora por remisi\u00f3n a las mismas. La presente pol\u00edtica de privacidad y sus t\u00e9rminos ser\u00e1n jur\u00eddicamente v\u00e1lidos como si hubieran sido incorporados en su totalidad, en el texto de las condiciones de uso de este sitio web.<\/p>\n<p style=\"text-align: justify\"><strong>Cont\u00e1ctenos<\/strong><\/p>\n<p style=\"text-align: justify\">Se\u00f1or usuario, si recibe un mensaje de correo electr\u00f3nico no solicitado, o cualquier mensaje amenazador u ofensivo, o considera que otro usuario o cualquier persona le est\u00e1 vulnerando un derecho conforme a esta pol\u00edtica de privacidad, rem\u00edtanos una copia completa y sin modificar del mensaje de correo electr\u00f3nico con los encabezados completos a la siguiente direcci\u00f3n electr\u00f3nica:\u00a0<span id=\"cloak43725\"><a href=\"mailto:webmaster@unicordoba.edu.co\">webmaster@correo.unicordoba.edu.co<\/a><\/span><br \/>\nLas preguntas que el usuario o cualquier persona desee realizar sobre lo expresado en esta pol\u00edtica de privacidad, las puede formular a la siguiente direcci\u00f3n electr\u00f3nica:\u00a0<span id=\"cloak8217\"><a href=\"mailto:webmaster@unicordoba.edu.co\">webmaster@correo.unicordoba.edu.co<\/a><\/span><\/p>\n<\/div><\/div><\/div><\/div><\/div><\/p>\n","protected":false},"excerpt":{"rendered":"","protected":false},"author":1,"featured_media":0,"parent":0,"menu_order":0,"comment_status":"closed","ping_status":"closed","template":"100-width.php","meta":{"footnotes":""},"class_list":["post-3939","page","type-page","status-publish","hentry"],"yoast_head":"<!-- This site is optimized with the Yoast SEO plugin v27.3 - https:\/\/yoast.com\/product\/yoast-seo-wordpress\/ -->\n<title>Pol\u00edtica de privacidad - Universidad de C\u00f3rdoba<\/title>\n<meta name=\"description\" content=\"Informaci\u00f3n oficial sobre Pol\u00edtica de privacidad en el portal de la Universidad de C\u00f3rdoba. Conozca servicios, tr\u00e1mites y recursos institucionales.\" \/>\n<meta name=\"robots\" content=\"index, follow, max-snippet:-1, max-image-preview:large, max-video-preview:-1\" \/>\n<link rel=\"canonical\" href=\"https:\/\/unicordoba.edu.co\/politica-de-privacidad\/\" \/>\n<meta property=\"og:locale\" content=\"es_ES\" \/>\n<meta property=\"og:type\" content=\"article\" \/>\n<meta property=\"og:title\" content=\"Pol\u00edtica de privacidad - Universidad de C\u00f3rdoba\" \/>\n<meta property=\"og:description\" content=\"Informaci\u00f3n oficial sobre Pol\u00edtica de privacidad en el portal de la Universidad de C\u00f3rdoba. Conozca servicios, tr\u00e1mites y recursos institucionales.\" \/>\n<meta property=\"og:url\" content=\"https:\/\/unicordoba.edu.co\/politica-de-privacidad\/\" \/>\n<meta property=\"og:site_name\" content=\"Universidad de C\u00f3rdoba\" \/>\n<meta property=\"article:publisher\" content=\"https:\/\/www.facebook.com\/UnicordobaColombia\/?locale=es_LA\" \/>\n<meta name=\"twitter:card\" content=\"summary_large_image\" \/>\n<meta name=\"twitter:site\" content=\"@Unicordoba_Col\" \/>\n<meta name=\"twitter:label1\" content=\"Tiempo de lectura\" \/>\n\t<meta name=\"twitter:data1\" content=\"16 minutos\" \/>\n<script type=\"application\/ld+json\" class=\"yoast-schema-graph\">{\"@context\":\"https:\\\/\\\/schema.org\",\"@graph\":[{\"@type\":\"WebPage\",\"@id\":\"https:\\\/\\\/unicordoba.edu.co\\\/politica-de-privacidad\\\/\",\"url\":\"https:\\\/\\\/unicordoba.edu.co\\\/politica-de-privacidad\\\/\",\"name\":\"Pol\u00edtica de privacidad - Universidad de C\u00f3rdoba\",\"isPartOf\":{\"@id\":\"https:\\\/\\\/unicordoba.edu.co\\\/#website\"},\"datePublished\":\"2018-12-20T20:13:06+00:00\",\"description\":\"Informaci\u00f3n oficial sobre Pol\u00edtica de privacidad en el portal de la Universidad de C\u00f3rdoba. Conozca servicios, tr\u00e1mites y recursos institucionales.\",\"breadcrumb\":{\"@id\":\"https:\\\/\\\/unicordoba.edu.co\\\/politica-de-privacidad\\\/#breadcrumb\"},\"inLanguage\":\"es-CO\",\"potentialAction\":[{\"@type\":\"ReadAction\",\"target\":[\"https:\\\/\\\/unicordoba.edu.co\\\/politica-de-privacidad\\\/\"]}]},{\"@type\":\"BreadcrumbList\",\"@id\":\"https:\\\/\\\/unicordoba.edu.co\\\/politica-de-privacidad\\\/#breadcrumb\",\"itemListElement\":[{\"@type\":\"ListItem\",\"position\":1,\"name\":\"Inicio\",\"item\":\"https:\\\/\\\/unicordoba.edu.co\\\/\"},{\"@type\":\"ListItem\",\"position\":2,\"name\":\"Pol\u00edtica de privacidad\"}]},{\"@type\":\"WebSite\",\"@id\":\"https:\\\/\\\/unicordoba.edu.co\\\/#website\",\"url\":\"https:\\\/\\\/unicordoba.edu.co\\\/\",\"name\":\"Universidad de C\u00f3rdoba\",\"description\":\"\",\"publisher\":{\"@id\":\"https:\\\/\\\/unicordoba.edu.co\\\/#organization\"},\"potentialAction\":[{\"@type\":\"SearchAction\",\"target\":{\"@type\":\"EntryPoint\",\"urlTemplate\":\"https:\\\/\\\/unicordoba.edu.co\\\/?s={search_term_string}\"},\"query-input\":{\"@type\":\"PropertyValueSpecification\",\"valueRequired\":true,\"valueName\":\"search_term_string\"}}],\"inLanguage\":\"es-CO\"},{\"@type\":\"Organization\",\"@id\":\"https:\\\/\\\/unicordoba.edu.co\\\/#organization\",\"name\":\"Universidad de Cordoba\",\"url\":\"https:\\\/\\\/unicordoba.edu.co\\\/\",\"logo\":{\"@type\":\"ImageObject\",\"inLanguage\":\"es-CO\",\"@id\":\"https:\\\/\\\/unicordoba.edu.co\\\/#\\\/schema\\\/logo\\\/image\\\/\",\"url\":\"https:\\\/\\\/unicordoba.edu.co\\\/wp-content\\\/uploads\\\/2025\\\/07\\\/Escudo-unicordoba-2025-1.png\",\"contentUrl\":\"https:\\\/\\\/unicordoba.edu.co\\\/wp-content\\\/uploads\\\/2025\\\/07\\\/Escudo-unicordoba-2025-1.png\",\"width\":4086,\"height\":1222,\"caption\":\"Universidad de Cordoba\"},\"image\":{\"@id\":\"https:\\\/\\\/unicordoba.edu.co\\\/#\\\/schema\\\/logo\\\/image\\\/\"},\"sameAs\":[\"https:\\\/\\\/www.facebook.com\\\/UnicordobaColombia\\\/?locale=es_LA\",\"https:\\\/\\\/x.com\\\/Unicordoba_Col\"]}]}<\/script>\n<!-- \/ Yoast SEO plugin. -->","yoast_head_json":{"title":"Pol\u00edtica de privacidad - Universidad de C\u00f3rdoba","description":"Informaci\u00f3n oficial sobre Pol\u00edtica de privacidad en el portal de la Universidad de C\u00f3rdoba. Conozca servicios, tr\u00e1mites y recursos institucionales.","robots":{"index":"index","follow":"follow","max-snippet":"max-snippet:-1","max-image-preview":"max-image-preview:large","max-video-preview":"max-video-preview:-1"},"canonical":"https:\/\/unicordoba.edu.co\/politica-de-privacidad\/","og_locale":"es_ES","og_type":"article","og_title":"Pol\u00edtica de privacidad - Universidad de C\u00f3rdoba","og_description":"Informaci\u00f3n oficial sobre Pol\u00edtica de privacidad en el portal de la Universidad de C\u00f3rdoba. Conozca servicios, tr\u00e1mites y recursos institucionales.","og_url":"https:\/\/unicordoba.edu.co\/politica-de-privacidad\/","og_site_name":"Universidad de C\u00f3rdoba","article_publisher":"https:\/\/www.facebook.com\/UnicordobaColombia\/?locale=es_LA","twitter_card":"summary_large_image","twitter_site":"@Unicordoba_Col","twitter_misc":{"Tiempo de lectura":"16 minutos"},"schema":{"@context":"https:\/\/schema.org","@graph":[{"@type":"WebPage","@id":"https:\/\/unicordoba.edu.co\/politica-de-privacidad\/","url":"https:\/\/unicordoba.edu.co\/politica-de-privacidad\/","name":"Pol\u00edtica de privacidad - Universidad de C\u00f3rdoba","isPartOf":{"@id":"https:\/\/unicordoba.edu.co\/#website"},"datePublished":"2018-12-20T20:13:06+00:00","description":"Informaci\u00f3n oficial sobre Pol\u00edtica de privacidad en el portal de la Universidad de C\u00f3rdoba. Conozca servicios, tr\u00e1mites y recursos institucionales.","breadcrumb":{"@id":"https:\/\/unicordoba.edu.co\/politica-de-privacidad\/#breadcrumb"},"inLanguage":"es-CO","potentialAction":[{"@type":"ReadAction","target":["https:\/\/unicordoba.edu.co\/politica-de-privacidad\/"]}]},{"@type":"BreadcrumbList","@id":"https:\/\/unicordoba.edu.co\/politica-de-privacidad\/#breadcrumb","itemListElement":[{"@type":"ListItem","position":1,"name":"Inicio","item":"https:\/\/unicordoba.edu.co\/"},{"@type":"ListItem","position":2,"name":"Pol\u00edtica de privacidad"}]},{"@type":"WebSite","@id":"https:\/\/unicordoba.edu.co\/#website","url":"https:\/\/unicordoba.edu.co\/","name":"Universidad de C\u00f3rdoba","description":"","publisher":{"@id":"https:\/\/unicordoba.edu.co\/#organization"},"potentialAction":[{"@type":"SearchAction","target":{"@type":"EntryPoint","urlTemplate":"https:\/\/unicordoba.edu.co\/?s={search_term_string}"},"query-input":{"@type":"PropertyValueSpecification","valueRequired":true,"valueName":"search_term_string"}}],"inLanguage":"es-CO"},{"@type":"Organization","@id":"https:\/\/unicordoba.edu.co\/#organization","name":"Universidad de Cordoba","url":"https:\/\/unicordoba.edu.co\/","logo":{"@type":"ImageObject","inLanguage":"es-CO","@id":"https:\/\/unicordoba.edu.co\/#\/schema\/logo\/image\/","url":"https:\/\/unicordoba.edu.co\/wp-content\/uploads\/2025\/07\/Escudo-unicordoba-2025-1.png","contentUrl":"https:\/\/unicordoba.edu.co\/wp-content\/uploads\/2025\/07\/Escudo-unicordoba-2025-1.png","width":4086,"height":1222,"caption":"Universidad de Cordoba"},"image":{"@id":"https:\/\/unicordoba.edu.co\/#\/schema\/logo\/image\/"},"sameAs":["https:\/\/www.facebook.com\/UnicordobaColombia\/?locale=es_LA","https:\/\/x.com\/Unicordoba_Col"]}]}},"_links":{"self":[{"href":"https:\/\/unicordoba.edu.co\/wp-json\/wp\/v2\/pages\/3939","targetHints":{"allow":["GET"]}}],"collection":[{"href":"https:\/\/unicordoba.edu.co\/wp-json\/wp\/v2\/pages"}],"about":[{"href":"https:\/\/unicordoba.edu.co\/wp-json\/wp\/v2\/types\/page"}],"author":[{"embeddable":true,"href":"https:\/\/unicordoba.edu.co\/wp-json\/wp\/v2\/users\/1"}],"replies":[{"embeddable":true,"href":"https:\/\/unicordoba.edu.co\/wp-json\/wp\/v2\/comments?post=3939"}],"version-history":[{"count":0,"href":"https:\/\/unicordoba.edu.co\/wp-json\/wp\/v2\/pages\/3939\/revisions"}],"wp:attachment":[{"href":"https:\/\/unicordoba.edu.co\/wp-json\/wp\/v2\/media?parent=3939"}],"curies":[{"name":"wp","href":"https:\/\/api.w.org\/{rel}","templated":true}]}}